{"id":19739,"date":"2022-05-25T12:38:41","date_gmt":"2022-05-25T10:38:41","guid":{"rendered":"https:\/\/cccod.fr\/partners-and-sponsors\/"},"modified":"2023-12-05T18:02:04","modified_gmt":"2023-12-05T17:02:04","slug":"partners-and-sponsors","status":"publish","type":"page","link":"https:\/\/cccod.fr\/en\/partners-and-sponsors\/","title":{"rendered":"partners and sponsors"},"content":{"rendered":"<p>[vc_row css_animation=&#8221;&#8221; row_type=&#8221;row&#8221; use_row_as_full_screen_section=&#8221;no&#8221; type=&#8221;full_width&#8221; angled_section=&#8221;no&#8221; text_align=&#8221;left&#8221; background_image_as_pattern=&#8221;without_pattern&#8221; css=&#8221;.vc_custom_1666890532936{padding-top: 2% !important;padding-right: 20px !important;padding-bottom: 2% !important;padding-left: 20px !important;}&#8221; z_index=&#8221;&#8221;][vc_column][vc_column_text]<\/p>\n<h1 style=\"color: #5d5fef;\">partners and sponsors<\/h1>\n<p>[\/vc_column_text][\/vc_column][\/vc_row][vc_row css_animation=&#8221;&#8221; row_type=&#8221;row&#8221; use_row_as_full_screen_section=&#8221;no&#8221; type=&#8221;full_width&#8221; angled_section=&#8221;no&#8221; text_align=&#8221;left&#8221; background_image_as_pattern=&#8221;without_pattern&#8221; css=&#8221;.vc_custom_1666890867759{padding-top: 0px !important;padding-bottom: 0px !important;}&#8221; z_index=&#8221;&#8221;][vc_column][vc_column_text]<div id=\"metaslider-id-15516\" style=\"width: 100%; margin: 0 auto;\" class=\"ml-slider-3-28-3 metaslider metaslider-flex metaslider-15516 ml-slider ml-slider-lightbox-1-12-0 easy-fancybox-1-9-5 nav-hidden\">\n    <div id=\"metaslider_container_15516\">\n        <div id=\"metaslider_15516\">\n            <ul aria-live=\"polite\" class=\"slides\">\n                <li style=\"display: none; width: 100%;\" class=\"slide-15517 ms-image\"><a href=\"https:\/\/cccod.fr\/wp-content\/uploads\/2022\/09\/lequipe-bg-bleu.jpg\" target=\"_self\" rel=\"lightbox[15516]\"><img decoding=\"async\" src=\"https:\/\/cccod.fr\/wp-content\/uploads\/2022\/09\/lequipe-bg-bleu-675x0.jpg\" width=\"675\" alt=\"\" class=\"slider-15516 slide-15517\" \/><\/a><div class=\"caption-wrap\"><div class=\"caption\">\u00a0<\/div><\/div><\/li>\n                <li style=\"display: none; width: 100%;\" class=\"slide-15518 ms-image\"><a href=\"https:\/\/cccod.fr\/wp-content\/uploads\/2022\/11\/cccod-img-slide-3.jpg\" target=\"_self\" rel=\"lightbox[15516]\"><img decoding=\"async\" src=\"https:\/\/cccod.fr\/wp-content\/uploads\/2022\/11\/cccod-img-slide-3-675x0.jpg\" width=\"675\" alt=\"\" class=\"slider-15516 slide-15518\" title=\"Maurizio NannucciListen to your eyes 2019\" \/><\/a><div class=\"caption-wrap\"><div class=\"caption\"> \u00a9 photo par Maurizio Nannucci, Listen to your eyes, 2019<\/div><\/div><\/li>\n            <\/ul>\n        <\/div>\n        \n    <\/div>\n<div style=\" text-align: center; margin-top: -28px;\"><a class=\"fleche-scroll-bas\" href=\"#scroll-bas\"><img loading=\"lazy\" decoding=\"async\" src=\"https:\/\/refonte.cccod.fr\/wp-content\/uploads\/2023\/01\/icone-fleche-bas.png\" alt=\"\" width=\"22\" height=\"22\"><\/a>\n\t\t<a class=\"fleche-fullscreen\"> <img loading=\"lazy\" decoding=\"async\" src=\"https:\/\/refonte.cccod.fr\/wp-content\/uploads\/2023\/04\/icone-fullscreen.png\" alt=\"\" width=\"21\" height=\"20\"><\/a><\/div>\n<div id=\"scroll-bas\"><\/div>\n<\/div>[\/vc_column_text][vc_empty_space][\/vc_column][\/vc_row][vc_row css_animation=&#8221;&#8221; row_type=&#8221;row&#8221; use_row_as_full_screen_section=&#8221;no&#8221; type=&#8221;full_width&#8221; angled_section=&#8221;no&#8221; text_align=&#8221;left&#8221; background_image_as_pattern=&#8221;without_pattern&#8221; css=&#8221;.vc_custom_1686944370834{padding-right: 20px !important;padding-bottom: 30px !important;padding-left: 20px !important;}&#8221; z_index=&#8221;&#8221;][vc_column][vc_column_text]CCC OD is supported by Europe, the Ministry of Culture, the Conseil R\u00e9gional du Centre-Val de Loire, the Conseil D\u00e9partemental d&#8217;Indre-et-Loire, Tours M\u00e9tropole Val de Loire and the City of Tours.[\/vc_column_text][vc_empty_space height=&#8221;40px&#8221;][vc_row_inner row_type=&#8221;row&#8221; type=&#8221;full_width&#8221; text_align=&#8221;left&#8221; css_animation=&#8221;&#8221;][vc_column_inner][vc_column_text]<\/p>\n<h5>The CCC OD is a member of <a href=\"https:\/\/dca-art.com\/\" target=\"blank\" rel=\"noopener\">d.c.a<\/a> \/ Association fran\u00e7aise de d\u00e9veloppement des centres d&#8217;art contemporain.<\/h5>\n<h5>It is a member of the professional organisations IKT \/ CIPAC \/ ICOM.<\/h5>\n<h5>The CCC OD has been recognised as a contemporary art centre of national interest since April 2022.<\/h5>\n<p>[\/vc_column_text][\/vc_column_inner][\/vc_row_inner][vc_empty_space height=&#8221;40px&#8221;][vc_row_inner row_type=&#8221;row&#8221; type=&#8221;full_width&#8221; text_align=&#8221;left&#8221; css_animation=&#8221;&#8221;][vc_column_inner][vc_column_text]<\/p>\n<h4 style=\"color: #5d5fef;\">they recommend CCC OD :<\/h4>\n<p>[\/vc_column_text][vc_empty_space height=&#8221;20px&#8221;][vc_column_text]<img loading=\"lazy\" decoding=\"async\" class=\"alignnone size-full wp-image-16269\" src=\"https:\/\/cccod.fr\/wp-content\/uploads\/2022\/12\/lonely-planet-.jpg\" alt=\"\" width=\"143\" height=\"200\"> <a href=\"http:\/\/&lt;div%20id=%22fileContent_923165%22&gt;&lt;a%20href=%22https:\/\/www.petitfute.com%22%20title=%22Petit%20Fut%C3%A9%22&gt;&lt;img%20src=%22https:\/\/www.petitfute.com\/img\/widget\/logo.jpg%22%20width=%22100%22%20height=%22100%22%20border=%220%22%20alt=%22Petit%20Fut%C3%A9%22%20\/&gt;&lt;\/a&gt;&lt;\/div&gt;%20&lt;script%20language=%22javascript%22%20type=%22text\/javascript%22%20src=%22https:\/\/pro.petitfute.com\/compte\/widget\/etablissement\/923165\/src\/1\/%22&gt;&lt;\/script&gt;\"><img loading=\"lazy\" decoding=\"async\" class=\"alignnone size-full wp-image-16270\" src=\"https:\/\/cccod.fr\/wp-content\/uploads\/2022\/12\/petit-fute.jpg\" alt=\"\" width=\"126\" height=\"200\"><\/a><img loading=\"lazy\" decoding=\"async\" class=\"alignnone wp-image-18198\" src=\"https:\/\/cccod.fr\/wp-content\/uploads\/2023\/07\/Etoile-Michelin-2023-300x300.png\" alt=\"\" width=\"188\" height=\"188\" srcset=\"https:\/\/cccod.fr\/wp-content\/uploads\/2023\/07\/Etoile-Michelin-2023-300x300.png 300w, https:\/\/cccod.fr\/wp-content\/uploads\/2023\/07\/Etoile-Michelin-2023-150x150.png 150w, https:\/\/cccod.fr\/wp-content\/uploads\/2023\/07\/Etoile-Michelin-2023-500x502.png 500w, https:\/\/cccod.fr\/wp-content\/uploads\/2023\/07\/Etoile-Michelin-2023.png 502w\" sizes=\"(max-width: 188px) 100vw, 188px\" \/>[\/vc_column_text][\/vc_column_inner][\/vc_row_inner][\/vc_column][\/vc_row][vc_row css_animation=&#8221;&#8221; row_type=&#8221;row&#8221; use_row_as_full_screen_section=&#8221;no&#8221; type=&#8221;full_width&#8221; angled_section=&#8221;no&#8221; text_align=&#8221;left&#8221; background_image_as_pattern=&#8221;without_pattern&#8221; css=&#8221;.vc_custom_1684222959443{padding-top: 3% !important;padding-right: 20px !important;padding-bottom: 30px !important;padding-left: 20px !important;}&#8221; z_index=&#8221;&#8221;][vc_column width=&#8221;1\/2&#8243;][vc_column_text]<\/p>\n<h2 style=\"color: #5d5fef;\">partners and sponsors<br \/>\n<\/h2>\n<p>[\/vc_column_text][vc_empty_space height=&#8221;28px&#8221;][vc_column_text]<\/p>\n<p style=\"color: #5d5fef;\"><a href=\"https:\/\/www.apvl.com\/\" target=\"blank\" rel=\"noopener\">APVL<\/a><br \/>\n<a href=\"https:\/\/www.axxome-solutions.fr\/\" target=\"blank\" rel=\"noopener\">Axxome<\/a><br \/>\n<a href=\"https:\/\/www.credit-agricole.fr\/particulier\/applications\/ma-banque.html\" target=\"blank\" rel=\"noopener\">Cr\u00e9dit Agricole Touraine Poitou<\/a><br \/>\n<a href=\"https:\/\/www.maxime-godec.com\/45fdb6ac\/taille_loups.php\" target=\"blank\" rel=\"noopener\">Le Domaine de la taille aux loups<\/a><br \/>\n<a href=\"https:\/\/www.imageimages.net\/\" target=\"blank\" rel=\"noopener\">ImageImages<\/a><br \/>\n<a href=\"https:\/\/www.filbleu.fr\/\" target=\"blank\" rel=\"noopener\">Keolis<\/a><br \/>\n<a href=\"http:\/\/www.mecenat-touraine.fr\/\" target=\"blank\" rel=\"noopener\">M\u00e9c\u00e9nat Touraine Entreprise<\/a><br \/>\n<a href=\"https:\/\/www.audi-tours.fr\/fr.html\" target=\"blank\" rel=\"noopener\">Audi Tours<\/a><br \/>\n<a href=\"https:\/\/www.groupe-mediacorp.com\/\" target=\"blank\" rel=\"noopener\">Mediacorp<\/a><br \/>\n<a href=\"https:\/\/www.oxygenair.fr\/\" target=\"blank\" rel=\"noopener\">OxygenAir<\/a><\/p>\n<p>[\/vc_column_text][vc_empty_space height=&#8221;45px&#8221;][\/vc_column][vc_column width=&#8221;1\/2&#8243;][vc_column_text]<\/p>\n<h2 style=\"color: #5d5fef;\">partners and sponsors<\/h2>\n<p>[\/vc_column_text][vc_empty_space height=&#8221;28px&#8221;][vc_column_text]<\/p>\n<p style=\"color: #5d5fef;\"><a href=\"https:\/\/www.ac-orleans-tours.fr\/\" target=\"blank\" rel=\"noopener\">Acad\u00e9mie Orl\u00e9ans-Tours<\/a><br \/>\n<a href=\"https:\/\/www.culturesducoeur.org\/\" target=\"blank\" rel=\"noopener\">Associaltion Cultures du C\u0153ur<\/a><br \/>\n<a href=\"http:\/\/www.cndp.fr\/crdp-orleans-tours\/atelier-37.html\" target=\"blank\" rel=\"noopener\">Atelier canop\u00e9 de Tours<\/a><br \/>\n<a href=\"https:\/\/www.ccntours.com\/\" target=\"blank\" rel=\"noopener\">CCNT, Centre chor\u00e9graphique national de Tours<\/a><br \/>\n<a href=\"https:\/\/cdntours.fr\/\" target=\"blank\" rel=\"noopener\">CDNT &#8211; Th\u00e9\u00e2tre Olympia, Tours<\/a><br \/>\n<a href=\"https:\/\/www.chateaudurivau.com\/fr\/\" target=\"blank\" rel=\"noopener\">Ch\u00e2teau du Rivau<\/a><br \/>\n<a href=\"https:\/\/www.chateau-montsoreau.com\/wordpress\/fr\/\" target=\"blank\" rel=\"noopener\">Ch\u00e2teau de Montsoreau<\/a><br \/>\n<a href=\"https:\/\/www.chambord.org\/fr\/\" target=\"blank\" rel=\"noopener\">Ch\u00e2teau de Chambord<\/a><br \/>\n<a href=\"https:\/\/www.chateauvillandry.fr\/\" target=\"blank\" rel=\"noopener\">Ch\u00e2teau de Villandry<\/a><br \/>\n<a href=\"https:\/\/www.chateau-oiron.fr\/\" target=\"blank\" rel=\"noopener\">Ch\u00e2teau d\u2019Oiron<\/a><br \/>\n<a href=\"https:\/\/www.fontevraud.fr\/\" target=\"blank\" rel=\"noopener\">Abbaye royale de Fontevraud<\/a><br \/>\n<a href=\"https:\/\/esad-talm.fr\/\" target=\"blank\" rel=\"noopener\">\u00c9cole Sup\u00e9rieure des Beaux-Arts de Tours<\/a><br \/>\n<a href=\"https:\/\/www.eib.org\/en\/index.htm\" target=\"blank\" rel=\"noopener\">Eib, banque europ\u00e9enne d&#8217;investissement<\/a><br \/>\n<a href=\"https:\/\/jeudepaume.org\/\" target=\"blank\" rel=\"noopener\">Jeu de Paume, Paris &amp; Tours<\/a><br \/>\n<a href=\"https:\/\/www.ma-lereseau.org\/centre\/\" target=\"blank\" rel=\"noopener\">Maison de l&#8217;architecture du Centre<\/a><br \/>\n<a href=\"https:\/\/www.valdeloire.org\/\" target=\"blank\" rel=\"noopener\">Mission Val de Loire<\/a><br \/>\n<a href=\"https:\/\/www.valimage.fr\/\" target=\"blank\" rel=\"noopener\">Association Valimage<\/a><br \/>\n<a href=\"https:\/\/www.studiocine.com\/\" target=\"blank\" rel=\"noopener\">Les cin\u00e9mas Studio<\/a><br \/>\n<a href=\"https:\/\/operadetours.fr\/\" target=\"blank\" rel=\"noopener\">L&#8217;Op\u00e9ra de Tours<\/a><br \/>\n<a href=\"https:\/\/www.beaugency.fr\/votre-mairie\/services-administratifs\/culture.html\" target=\"blank\" rel=\"noopener\">Service culturel de la ville de Beaugency<\/a><br \/>\n<a href=\"https:\/\/www.univ-tours.fr\/\" target=\"blank\" rel=\"noopener\">Universit\u00e9 de Tours<\/a><\/p>\n<p>[\/vc_column_text][vc_empty_space height=&#8221;5px&#8221;][vc_single_image image=&#8221;15795&#8243; img_size=&#8221;full&#8221; qode_css_animation=&#8221;&#8221;][\/vc_column][\/vc_row][vc_row css_animation=&#8221;&#8221; row_type=&#8221;row&#8221; use_row_as_full_screen_section=&#8221;no&#8221; type=&#8221;full_width&#8221; angled_section=&#8221;no&#8221; text_align=&#8221;left&#8221; background_image_as_pattern=&#8221;without_pattern&#8221; css=&#8221;.vc_custom_1666890478427{padding-top: 3% !important;padding-right: 20px !important;padding-bottom: 3% !important;padding-left: 20px !important;}&#8221; z_index=&#8221;&#8221;][vc_column][vc_row_inner row_type=&#8221;row&#8221; type=&#8221;full_width&#8221; text_align=&#8221;left&#8221; css_animation=&#8221;&#8221;][vc_column_inner width=&#8221;2\/3&#8243;][vc_column_text]<\/p>\n<h2 style=\"color: #5d5fef;\">la route contemporaine<\/h2>\n<p>[\/vc_column_text][\/vc_column_inner][vc_column_inner width=&#8221;1\/3&#8243;][\/vc_column_inner][\/vc_row_inner][vc_empty_space height=&#8221;28px&#8221;][vc_column_text]La Route Contemporaine highlights artistic creation in the heart of the historic Loire region. The Royal Abbey of Fontevraud, the Ch\u00e2teau du Rivau, the Ch\u00e2teau d&#8217;Oiron and the CCC OD in Tours all share the same commitment to the past and the desire to highlight the art of our time and contribute to the development of artistic creation by offering visitors a unique route through the region. Visitors can enjoy a spellbinding immersive experience in spaces where the works take on a spectacular, interactive form.<\/p>\n<p>Visitors benefit from preferential rates on presentation of a full-price ticket purchased at a partner venue.<\/p>\n<p>&nbsp;<\/p>\n<p>Visit the website <a href=\"https:\/\/www.route-contemporaine.fr\/\">route-contemporaine.fr<\/a>[\/vc_column_text][\/vc_column][\/vc_row][vc_row css_animation=&#8221;&#8221; row_type=&#8221;row&#8221; use_row_as_full_screen_section=&#8221;no&#8221; type=&#8221;full_width&#8221; angled_section=&#8221;no&#8221; text_align=&#8221;left&#8221; background_image_as_pattern=&#8221;without_pattern&#8221;][vc_column][\/vc_column][\/vc_row]<\/p>\n","protected":false},"excerpt":{"rendered":"<p>[vc_row css_animation=&#8221;&#8221; row_type=&#8221;row&#8221; use_row_as_full_screen_section=&#8221;no&#8221; type=&#8221;full_width&#8221; angled_section=&#8221;no&#8221; text_align=&#8221;left&#8221; background_image_as_pattern=&#8221;without_pattern&#8221; css=&#8221;.vc_custom_1666890532936{padding-top: 2% !important;padding-right: 20px !important;padding-bottom: 2% !important;padding-left: 20px !important;}&#8221; z_index=&#8221;&#8221;][vc_column][vc_column_text] partners and sponsors [\/vc_column_text][\/vc_column][\/vc_row][vc_row css_animation=&#8221;&#8221; row_type=&#8221;row&#8221; use_row_as_full_screen_section=&#8221;no&#8221; type=&#8221;full_width&#8221; angled_section=&#8221;no&#8221; text_align=&#8221;left&#8221; background_image_as_pattern=&#8221;without_pattern&#8221; css=&#8221;.vc_custom_1666890867759{padding-top: 0px !important;padding-bottom: 0px !important;}&#8221; z_index=&#8221;&#8221;][vc_column][vc_column_text][\/vc_column_text][vc_empty_space][\/vc_column][\/vc_row][vc_row css_animation=&#8221;&#8221; row_type=&#8221;row&#8221; use_row_as_full_screen_section=&#8221;no&#8221; type=&#8221;full_width&#8221; angled_section=&#8221;no&#8221; text_align=&#8221;left&#8221; background_image_as_pattern=&#8221;without_pattern&#8221; css=&#8221;.vc_custom_1686944370834{padding-right: 20px !important;padding-bottom:&#8230;<\/p>\n","protected":false},"author":1,"featured_media":0,"parent":0,"menu_order":0,"comment_status":"closed","ping_status":"closed","template":"full_width.php","meta":{"_acf_changed":false,"footnotes":""},"class_list":["post-19739","page","type-page","status-publish","hentry"],"acf":[],"_links":{"self":[{"href":"https:\/\/cccod.fr\/en\/wp-json\/wp\/v2\/pages\/19739"}],"collection":[{"href":"https:\/\/cccod.fr\/en\/wp-json\/wp\/v2\/pages"}],"about":[{"href":"https:\/\/cccod.fr\/en\/wp-json\/wp\/v2\/types\/page"}],"author":[{"embeddable":true,"href":"https:\/\/cccod.fr\/en\/wp-json\/wp\/v2\/users\/1"}],"replies":[{"embeddable":true,"href":"https:\/\/cccod.fr\/en\/wp-json\/wp\/v2\/comments?post=19739"}],"version-history":[{"count":9,"href":"https:\/\/cccod.fr\/en\/wp-json\/wp\/v2\/pages\/19739\/revisions"}],"predecessor-version":[{"id":19981,"href":"https:\/\/cccod.fr\/en\/wp-json\/wp\/v2\/pages\/19739\/revisions\/19981"}],"wp:attachment":[{"href":"https:\/\/cccod.fr\/en\/wp-json\/wp\/v2\/media?parent=19739"}],"curies":[{"name":"wp","href":"https:\/\/api.w.org\/{rel}","templated":true}]}}