{"id":20792,"date":"2022-10-04T12:15:04","date_gmt":"2022-10-04T10:15:04","guid":{"rendered":"https:\/\/cccod.fr\/schedule\/"},"modified":"2024-06-19T18:37:12","modified_gmt":"2024-06-19T16:37:12","slug":"schedule","status":"publish","type":"page","link":"https:\/\/cccod.fr\/en\/schedule\/","title":{"rendered":"schedule"},"content":{"rendered":"<p>[vc_row css_animation=&#8221;&#8221; row_type=&#8221;row&#8221; use_row_as_full_screen_section=&#8221;no&#8221; type=&#8221;full_width&#8221; angled_section=&#8221;no&#8221; text_align=&#8221;left&#8221; background_image_as_pattern=&#8221;without_pattern&#8221; css=&#8221;.vc_custom_1664993071644{margin-right: 0px !important;margin-left: 0px !important;}&#8221; z_index=&#8221;&#8221;][vc_column]<div id=\"mec_skin_16002\" class=\"mec-wrap colorskin-custom   mec-full-calendar-wrap\">\n    <div class=\"col-md-8\"><\/div>\n    <div class=\"mec-search-form mec-totalcal-box col-md-4\">\n                                    <div id=\"mec_search_form_16002\" class=\"mec-dropdown-wrap\">\n\n            \n            <div class=\"mec-dropdown-wrap\">\n                                    <div class=\"mec-dropdown-search\"><i class=\"mec-sl-folder\"><\/i><select name=' ' id='mec_sf_category_16002' class='postform'>\n\t<option value='' selected='selected'>Category<\/option>\n\t<option class=\"level-0\" value=\"116\">atelier<\/option>\n\t<option class=\"level-0\" value=\"941\">claire chesnier<\/option>\n\t<option class=\"level-0\" value=\"947\">concert<\/option>\n\t<option class=\"level-0\" value=\"118\">conf\u00e9rence<\/option>\n\t<option class=\"level-0\" value=\"956\">\u00e9l\u00e9onore false<\/option>\n\t<option class=\"level-0\" value=\"213\">hors les murs<\/option>\n\t<option class=\"level-0\" value=\"211\">jeune public<\/option>\n\t<option class=\"level-0\" value=\"915\">koen taselaar<\/option>\n\t<option class=\"level-0\" value=\"958\">laura bottereau &amp; marine fiquet<\/option>\n\t<option class=\"level-0\" value=\"957\">laura bottereau et marine fiquet<\/option>\n\t<option class=\"level-0\" value=\"119\">lecture<\/option>\n\t<option class=\"level-0\" value=\"415\">librairie<\/option>\n\t<option class=\"level-0\" value=\"945\">lieven de boeck<\/option>\n\t<option class=\"level-0\" value=\"939\">nils alix-tabeling<\/option>\n\t<option class=\"level-0\" value=\"942\">olivier debr\u00e9<\/option>\n\t<option class=\"level-0\" value=\"949\">paul pouvreau<\/option>\n\t<option class=\"level-0\" value=\"214\">performance<\/option>\n\t<option class=\"level-0\" value=\"212\">projection<\/option>\n\t<option class=\"level-0\" value=\"117\">rencontre<\/option>\n\t<option class=\"level-0\" value=\"215\">spectacle<\/option>\n\t<option class=\"level-0\" value=\"952\">suzanne lafont<\/option>\n\t<option class=\"level-0\" value=\"420\">vernissage<\/option>\n\t<option class=\"level-0\" value=\"210\">visite<\/option>\n\t<option class=\"level-0\" value=\"208\">a k dolven<\/option>\n\t<option class=\"level-0\" value=\"134\">ad minoliti<\/option>\n\t<option class=\"level-0\" value=\"186\">adelita husni bey<\/option>\n\t<option class=\"level-0\" value=\"428\">adrien bisecco<\/option>\n\t<option class=\"level-0\" value=\"198\">ahmad ghossein<\/option>\n\t<option class=\"level-0\" value=\"449\">aires mateus<\/option>\n\t<option class=\"level-0\" value=\"184\">alain bernardini<\/option>\n\t<option class=\"level-0\" value=\"148\">alain bublex<\/option>\n\t<option class=\"level-0\" value=\"143\">alicja kwade<\/option>\n\t<option class=\"level-0\" value=\"429\">allban fegar<\/option>\n\t<option class=\"level-0\" value=\"376\">ana hatherly<\/option>\n\t<option class=\"level-0\" value=\"388\">ana l\u00e9on<\/option>\n\t<option class=\"level-0\" value=\"391\">ana vidigal<\/option>\n\t<option class=\"level-0\" value=\"381\">ana vieira<\/option>\n\t<option class=\"level-0\" value=\"389\">\u00e2ngela ferreira<\/option>\n\t<option class=\"level-0\" value=\"205\">ann cathrin november h\u00f8ibo<\/option>\n\t<option class=\"level-0\" value=\"151\">ann veronica janssens<\/option>\n\t<option class=\"level-0\" value=\"778\">anna kutera<\/option>\n\t<option class=\"level-0\" value=\"792\">anna solal &amp; pierre unal-brunet<\/option>\n\t<option class=\"level-0\" value=\"463\">anne-val\u00e9rie gasc<\/option>\n\t<option class=\"level-0\" value=\"173\">antti lovag<\/option>\n\t<option class=\"level-0\" value=\"187\">ariane loze<\/option>\n\t<option class=\"level-0\" value=\"392\">armanda duarte<\/option>\n\t<option class=\"level-0\" value=\"145\">art &amp; language<\/option>\n\t<option class=\"level-0\" value=\"362\">atelier baldinger \u2022 vu-huu<\/option>\n\t<option class=\"level-0\" value=\"367\">aur\u00e9lia de sousa<\/option>\n\t<option class=\"level-0\" value=\"878\">bas jan ader<\/option>\n\t<option class=\"level-0\" value=\"783\">basil tr\u00e4sch<\/option>\n\t<option class=\"level-0\" value=\"162\">bernard calet<\/option>\n\t<option class=\"level-0\" value=\"454\">bertrand lamarche<\/option>\n\t<option class=\"level-0\" value=\"901\">bomi bae<\/option>\n\t<option class=\"level-0\" value=\"776\">bouchra khalili<\/option>\n\t<option class=\"level-0\" value=\"191\">cally spooner<\/option>\n\t<option class=\"level-0\" value=\"401\">carla filipe<\/option>\n\t<option class=\"level-0\" value=\"879\">carolina antich<\/option>\n\t<option class=\"level-0\" value=\"209\">c\u00e9cile bart<\/option>\n\t<option class=\"level-0\" value=\"819\">c\u00e9cile beau<\/option>\n\t<option class=\"level-0\" value=\"459\">c\u00e9cile hartmann<\/option>\n\t<option class=\"level-0\" value=\"461\">c\u00e9cile pitois<\/option>\n\t<option class=\"level-0\" value=\"183\">c\u00e9line berger<\/option>\n\t<option class=\"level-0\" value=\"779\">celsian langlois<\/option>\n\t<option class=\"level-0\" value=\"163\">chane\u0301ac<\/option>\n\t<option class=\"level-0\" value=\"816\">charlotte charbonnel<\/option>\n\t<option class=\"level-0\" value=\"150\">charlotte denamur<\/option>\n\t<option class=\"level-0\" value=\"886\">christiane lo\u0308hr<\/option>\n\t<option class=\"level-0\" value=\"180\">christodoulos panayiotou<\/option>\n\t<option class=\"level-0\" value=\"937\">claire chesnier<\/option>\n\t<option class=\"level-0\" value=\"772\">claire fontaine<\/option>\n\t<option class=\"level-0\" value=\"175\">claire trotignon<\/option>\n\t<option class=\"level-0\" value=\"383\">clara men\u00e9res<\/option>\n\t<option class=\"level-0\" value=\"483\">claude l\u00e9v\u00eaque<\/option>\n\t<option class=\"level-0\" value=\"447\">dan perjovschi<\/option>\n\t<option class=\"level-0\" value=\"185\">danilo correale<\/option>\n\t<option class=\"level-0\" value=\"766\">dieudonn\u00e9 cartier<\/option>\n\t<option class=\"level-0\" value=\"158\">dominique blain<\/option>\n\t<option class=\"level-0\" value=\"142\">edgar sarin<\/option>\n\t<option class=\"level-0\" value=\"769\">edith dekyndt<\/option>\n\t<option class=\"level-0\" value=\"953\">\u00e9l\u00e9onore false<\/option>\n\t<option class=\"level-0\" value=\"887\">elisabetta di maggio<\/option>\n\t<option class=\"level-0\" value=\"435\">ella tudoret<\/option>\n\t<option class=\"level-0\" value=\"430\">emmanuel hugnot<\/option>\n\t<option class=\"level-0\" value=\"177\">\u00e9ric tabuchi<\/option>\n\t<option class=\"level-0\" value=\"492\">\u00e9ric van hove<\/option>\n\t<option class=\"level-0\" value=\"174\">eva nielsen<\/option>\n\t<option class=\"level-0\" value=\"818\">\u00e8ve champion<\/option>\n\t<option class=\"level-0\" value=\"144\">fabien m\u00e9relle<\/option>\n\t<option class=\"level-0\" value=\"156\">fabien verschaere<\/option>\n\t<option class=\"level-0\" value=\"393\">fernanda fragateiro<\/option>\n\t<option class=\"level-0\" value=\"402\">filipa c\u00e9sar<\/option>\n\t<option class=\"level-0\" value=\"153\">flora moscovici<\/option>\n\t<option class=\"level-0\" value=\"182\">flor\u00e6nt audoye<\/option>\n\t<option class=\"level-0\" value=\"146\">florian &amp; michael quistrebert<\/option>\n\t<option class=\"level-0\" value=\"181\">francis al\u00ffs<\/option>\n\t<option class=\"level-0\" value=\"140\">franck scurti<\/option>\n\t<option class=\"level-0\" value=\"465\">fran\u00e7ois morellet<\/option>\n\t<option class=\"level-0\" value=\"432\">gabriel martinez<\/option>\n\t<option class=\"level-0\" value=\"395\">gabriela albergaria<\/option>\n\t<option class=\"level-0\" value=\"903\">ga\u00ebtan mor\u00e9o<\/option>\n\t<option class=\"level-0\" value=\"170\">georg herold<\/option>\n\t<option class=\"level-0\" value=\"888\">georges me\u0301lie\u0300s<\/option>\n\t<option class=\"level-0\" value=\"132\">ghada amer<\/option>\n\t<option class=\"level-0\" value=\"904\">gianni caravaggio<\/option>\n\t<option class=\"level-0\" value=\"883\">gino de dominicis<\/option>\n\t<option class=\"level-0\" value=\"882\">giuseppe caccavale<\/option>\n\t<option class=\"level-0\" value=\"384\">gra\u00e7a morais<\/option>\n\t<option class=\"level-0\" value=\"397\">grada kilomba<\/option>\n\t<option class=\"level-0\" value=\"440\">guy limone<\/option>\n\t<option class=\"level-0\" value=\"378\">helena almeida<\/option>\n\t<option class=\"level-0\" value=\"790\">hera b\u00fcy\u00fckta\u015fc\u0131yan<\/option>\n\t<option class=\"level-0\" value=\"365\">ho\u00ebl duret<\/option>\n\t<option class=\"level-0\" value=\"179\">hors-studio<\/option>\n\t<option class=\"level-0\" value=\"201\">ignas krunglevic\u030cius<\/option>\n\t<option class=\"level-0\" value=\"403\">in\u00eas botelho<\/option>\n\t<option class=\"level-0\" value=\"168\">isa genzken<\/option>\n\t<option class=\"level-0\" value=\"404\">isabel carvalho<\/option>\n\t<option class=\"level-0\" value=\"479\">jacques halbert<\/option>\n\t<option class=\"level-0\" value=\"770\">jeremy deller<\/option>\n\t<option class=\"level-0\" value=\"885\">joan jonas<\/option>\n\t<option class=\"level-0\" value=\"390\">joana rosa<\/option>\n\t<option class=\"level-0\" value=\"400\">joana vasconcelos<\/option>\n\t<option class=\"level-0\" value=\"164\">jordi colomer<\/option>\n\t<option class=\"level-0\" value=\"771\">julien discrit<\/option>\n\t<option class=\"level-0\" value=\"774\">juliette green<\/option>\n\t<option class=\"level-0\" value=\"477\">kader attia<\/option>\n\t<option class=\"level-0\" value=\"202\">kamilla langeland<\/option>\n\t<option class=\"level-0\" value=\"777\">kapwani kiwanga<\/option>\n\t<option class=\"level-0\" value=\"139\">klaus rinke<\/option>\n\t<option class=\"level-0\" value=\"166\">larissa fassler<\/option>\n\t<option class=\"level-0\" value=\"203\">lars laumann<\/option>\n\t<option class=\"level-0\" value=\"955\">laura bottereau &amp; marine fiquet<\/option>\n\t<option class=\"level-0\" value=\"775\">lauren huret<\/option>\n\t<option class=\"level-0\" value=\"889\">laurent mulot<\/option>\n\t<option class=\"level-0\" value=\"426\">lee ufan<\/option>\n\t<option class=\"level-0\" value=\"188\">leonard qylafi<\/option>\n\t<option class=\"level-0\" value=\"946\">lieven de boeck<\/option>\n\t<option class=\"level-0\" value=\"456\">lilian bourgeat<\/option>\n\t<option class=\"level-0\" value=\"206\">linn pedersen<\/option>\n\t<option class=\"level-0\" value=\"881\">lothar baumgarten<\/option>\n\t<option class=\"level-0\" value=\"902\">lou-hann castanet-bihan<\/option>\n\t<option class=\"level-0\" value=\"817\">louise le pape<\/option>\n\t<option class=\"level-0\" value=\"190\">louise siffert<\/option>\n\t<option class=\"level-0\" value=\"377\">lourdes castro<\/option>\n\t<option class=\"level-0\" value=\"386\">luisa cunha<\/option>\n\t<option class=\"level-0\" value=\"431\">luiz gustavo machado de carvalho<\/option>\n\t<option class=\"level-0\" value=\"457\">malachi farrell<\/option>\n\t<option class=\"level-0\" value=\"380\">maria ant\u00f3nia siza<\/option>\n\t<option class=\"level-0\" value=\"398\">maria capelo<\/option>\n\t<option class=\"level-0\" value=\"373\">maria helena vieira da silva<\/option>\n\t<option class=\"level-0\" value=\"385\">maria jos\u00e9 aguiar<\/option>\n\t<option class=\"level-0\" value=\"382\">maria jos\u00e9 oliveira<\/option>\n\t<option class=\"level-0\" value=\"374\">maria keil<\/option>\n\t<option class=\"level-0\" value=\"370\">maria lamas<\/option>\n\t<option class=\"level-0\" value=\"891\">mariateresa sartori<\/option>\n\t<option class=\"level-0\" value=\"497\">marie bovo<\/option>\n\t<option class=\"level-0\" value=\"160\">marie-anita gaube<\/option>\n\t<option class=\"level-0\" value=\"782\">martha rosler<\/option>\n\t<option class=\"level-0\" value=\"780\">martin le chevallier<\/option>\n\t<option class=\"level-0\" value=\"155\">massinissa selmani<\/option>\n\t<option class=\"level-0\" value=\"157\">mathieu dufois<\/option>\n\t<option class=\"level-0\" value=\"445\">michel fran\u00e7ois<\/option>\n\t<option class=\"level-0\" value=\"490\">michel verjux<\/option>\n\t<option class=\"level-0\" value=\"368\">mily possoz<\/option>\n\t<option class=\"level-0\" value=\"192\">mladen stilinovi\u0107<\/option>\n\t<option class=\"level-0\" value=\"884\">mona hatoum<\/option>\n\t<option class=\"level-0\" value=\"468\">mounir fatmi<\/option>\n\t<option class=\"level-0\" value=\"178\">nicol\u00e1s lamas<\/option>\n\t<option class=\"level-0\" value=\"452\">nicole tran ba vang<\/option>\n\t<option class=\"level-0\" value=\"147\">nikolas chasser skilbeck<\/option>\n\t<option class=\"level-0\" value=\"781\">n\u00f8ne futbol club<\/option>\n\t<option class=\"level-0\" value=\"372\">of\u00e9lia marques<\/option>\n\t<option class=\"level-0\" value=\"133\">olivier debr\u00e9<\/option>\n\t<option class=\"level-0\" value=\"773\">olivier garraud<\/option>\n\t<option class=\"level-0\" value=\"815\">olivier s\u00e9v\u00e8re<\/option>\n\t<option class=\"level-0\" value=\"433\">oriane pichue\u0300que<\/option>\n\t<option class=\"level-0\" value=\"442\">orlan<\/option>\n\t<option class=\"level-0\" value=\"469\">panamarenko<\/option>\n\t<option class=\"level-0\" value=\"169\">pascal hau\u0308sermann<\/option>\n\t<option class=\"level-0\" value=\"399\">patr\u00edcia almeida<\/option>\n\t<option class=\"level-0\" value=\"394\">patr\u00edcia garrida<\/option>\n\t<option class=\"level-0\" value=\"950\">paul pouvreau<\/option>\n\t<option class=\"level-0\" value=\"379\">paula rego<\/option>\n\t<option class=\"level-0\" value=\"434\">pauline stein<\/option>\n\t<option class=\"level-0\" value=\"136\">pauline toyer<\/option>\n\t<option class=\"level-0\" value=\"195\">per barclay<\/option>\n\t<option class=\"level-0\" value=\"165\">peter downsbrough<\/option>\n\t<option class=\"level-0\" value=\"475\">philippe chiambaretta<\/option>\n\t<option class=\"level-0\" value=\"485\">pierre ardouvin<\/option>\n\t<option class=\"level-0\" value=\"193\">pilvi takala<\/option>\n\t<option class=\"level-0\" value=\"300\">ramin haerizadeh &#8211; rokni haerizadeh &#8211; hesam rahmanian<\/option>\n\t<option class=\"level-0\" value=\"176\">raphae\u0308l zarka<\/option>\n\t<option class=\"level-0\" value=\"890\">remo salvadori<\/option>\n\t<option class=\"level-0\" value=\"172\">re\u0301my jacquier<\/option>\n\t<option class=\"level-0\" value=\"152\">ren\u00e9e levi<\/option>\n\t<option class=\"level-0\" value=\"161\">robert breer<\/option>\n\t<option class=\"level-0\" value=\"189\">romana schmalisch &amp; robert schlicht<\/option>\n\t<option class=\"level-0\" value=\"768\">romina de novellis<\/option>\n\t<option class=\"level-0\" value=\"387\">rosa carvalho<\/option>\n\t<option class=\"level-0\" value=\"369\">rosa ramalho<\/option>\n\t<option class=\"level-0\" value=\"375\">salette tavares menez<\/option>\n\t<option class=\"level-0\" value=\"200\">saman kamyab<\/option>\n\t<option class=\"level-0\" value=\"371\">sarah affonso<\/option>\n\t<option class=\"level-0\" value=\"204\">solveig l\u00f8nseth<\/option>\n\t<option class=\"level-0\" value=\"405\">s\u00f3nia almeida<\/option>\n\t<option class=\"level-0\" value=\"460\">stefan nikolaev<\/option>\n\t<option class=\"level-0\" value=\"880\">stefano arienti<\/option>\n\t<option class=\"level-0\" value=\"458\">st\u00e9phane calais<\/option>\n\t<option class=\"level-0\" value=\"396\">susanne themlitz<\/option>\n\t<option class=\"level-0\" value=\"951\">suzanne lafont<\/option>\n\t<option class=\"level-0\" value=\"495\">tania mouraud<\/option>\n\t<option class=\"level-0\" value=\"171\">thomas huber<\/option>\n\t<option class=\"level-0\" value=\"194\">thomas tudoux<\/option>\n\t<option class=\"level-0\" value=\"197\">thora dolven balke<\/option>\n\t<option class=\"level-0\" value=\"154\">thu van tran<\/option>\n\t<option class=\"level-0\" value=\"199\">tiril hasselknippe<\/option>\n\t<option class=\"level-0\" value=\"207\">tori wra\u030anes<\/option>\n\t<option class=\"level-0\" value=\"159\">vivien roubaud<\/option>\n\t<option class=\"level-0\" value=\"167\">yona friedman<\/option>\n<\/select>\n<\/div>                                                                                                            <\/div>\n        <\/div>\n                <div>\n                                <\/div>\n        <div class=\"mec-full-calendar-search-ends\">\n                            <div class=\"mec-text-input-search\"><i class=\"mec-sl-magnifier\"><\/i>\r\n                    <input type=\"search\" value=\"\" id=\"mec_sf_s_16002\" placeholder=\"\" title=\"\" \/>\r\n                <\/div>                                                            <div class=\"col-md-12 mec-tab-loader\">\n                <div class=\"mec-totalcal-view\">\t\t\t\t    <p>Show by<\/p>\t\t\t\t\t<div>\n                                                                                                    <span class=\"mec-totalcal-listview\" data-skin=\"list\">List<\/span>                    <span class=\"mec-totalcal-gridview mec-totalcalview-selected\" data-skin=\"grid\">Mosaic<\/span>                    \t\t\t\t\t\t\t\t\t\t<\/div>\n                <\/div>\n            <\/div>\n        <\/div>\n            <\/div>\n\n    <div id=\"mec_full_calendar_container_16002\" class=\"mec-full-calendar-skin-container\">\n         <div class=\"mec-wrap mec-skin-grid-container  \" id=\"mec_skin_16002\">\n\n    \n        <div class=\"mec-skin-grid-events-container mec-toggle-month-divider\" id=\"mec_skin_events_16002\">\n        No event found!    <\/div>\n    \n    \n<\/div>    <\/div>\n\n<\/div>[\/vc_column][\/vc_row][vc_row css_animation=&#8221;&#8221; row_type=&#8221;row&#8221; use_row_as_full_screen_section=&#8221;no&#8221; type=&#8221;full_width&#8221; angled_section=&#8221;no&#8221; text_align=&#8221;left&#8221; background_image_as_pattern=&#8221;without_pattern&#8221;][vc_column][vc_empty_space][\/vc_column][\/vc_row]<\/p>\n","protected":false},"excerpt":{"rendered":"<p>[vc_row css_animation=&#8221;&#8221; row_type=&#8221;row&#8221; use_row_as_full_screen_section=&#8221;no&#8221; type=&#8221;full_width&#8221; angled_section=&#8221;no&#8221; text_align=&#8221;left&#8221; background_image_as_pattern=&#8221;without_pattern&#8221; css=&#8221;.vc_custom_1664993071644{margin-right: 0px !important;margin-left: 0px !important;}&#8221; z_index=&#8221;&#8221;][vc_column][\/vc_column][\/vc_row][vc_row css_animation=&#8221;&#8221; row_type=&#8221;row&#8221; use_row_as_full_screen_section=&#8221;no&#8221; type=&#8221;full_width&#8221; angled_section=&#8221;no&#8221; text_align=&#8221;left&#8221; background_image_as_pattern=&#8221;without_pattern&#8221;][vc_column][vc_empty_space][\/vc_column][\/vc_row]<\/p>\n","protected":false},"author":1,"featured_media":0,"parent":0,"menu_order":0,"comment_status":"closed","ping_status":"closed","template":"full_width.php","meta":{"_acf_changed":false,"footnotes":""},"class_list":["post-20792","page","type-page","status-publish","hentry"],"acf":[],"_links":{"self":[{"href":"https:\/\/cccod.fr\/en\/wp-json\/wp\/v2\/pages\/20792"}],"collection":[{"href":"https:\/\/cccod.fr\/en\/wp-json\/wp\/v2\/pages"}],"about":[{"href":"https:\/\/cccod.fr\/en\/wp-json\/wp\/v2\/types\/page"}],"author":[{"embeddable":true,"href":"https:\/\/cccod.fr\/en\/wp-json\/wp\/v2\/users\/1"}],"replies":[{"embeddable":true,"href":"https:\/\/cccod.fr\/en\/wp-json\/wp\/v2\/comments?post=20792"}],"version-history":[{"count":2,"href":"https:\/\/cccod.fr\/en\/wp-json\/wp\/v2\/pages\/20792\/revisions"}],"predecessor-version":[{"id":20842,"href":"https:\/\/cccod.fr\/en\/wp-json\/wp\/v2\/pages\/20792\/revisions\/20842"}],"wp:attachment":[{"href":"https:\/\/cccod.fr\/en\/wp-json\/wp\/v2\/media?parent=20792"}],"curies":[{"name":"wp","href":"https:\/\/api.w.org\/{rel}","templated":true}]}}