{"id":21210,"date":"2022-11-17T09:26:46","date_gmt":"2022-11-17T08:26:46","guid":{"rendered":"https:\/\/cccod.fr\/prices-and-ticketing\/"},"modified":"2026-04-02T15:43:42","modified_gmt":"2026-04-02T13:43:42","slug":"prices-and-ticketing","status":"publish","type":"page","link":"https:\/\/cccod.fr\/en\/prices-and-ticketing\/","title":{"rendered":"prices and ticketing"},"content":{"rendered":"<p>[vc_row css_animation=&#8221;&#8221; row_type=&#8221;row&#8221; use_row_as_full_screen_section=&#8221;no&#8221; type=&#8221;full_width&#8221; angled_section=&#8221;no&#8221; text_align=&#8221;left&#8221; background_image_as_pattern=&#8221;without_pattern&#8221; css=&#8221;.vc_custom_1680185532921{padding-top: 10px !important;padding-right: 20px !important;padding-bottom: 6% !important;padding-left: 20px !important;}&#8221; z_index=&#8221;&#8221;][vc_column css=&#8221;.vc_custom_1680185554044{padding-right: 20px !important;padding-left: 20px !important;}&#8221;][vc_tabs style=&#8221;vertical_left&#8221; title=&#8221;prices and ticketing&#8221;][vc_tab title=&#8221;individual rates&#8221; tab_id=&#8221;1c143af8-4d51-7&#8243;][vc_column_text]<\/p>\n<h4 style=\"color: #7b61ff;\">access to exhibitions<\/h4>\n<p>[\/vc_column_text][vc_column_text]<\/p>\n<table>\n<tbody>\n<tr>\n<td>full price<\/td>\n<td>\u20ac8,50<\/td>\n<\/tr>\n<tr>\n<td>reduced<\/td>\n<td>\u20ac5,50<\/td>\n<\/tr>\n<\/tbody>\n<\/table>\n<h5><\/h5>\n<p>[\/vc_column_text][vc_column_text]<\/p>\n<h5>concessions on presentation of proof of entitlement less than 6 months old.<br \/>\nstudents, civic services, jobseekers, RSA, ASS, ASPA, AAH, disability card, Maison des Artistes association membership card, COS 37 card, Ch\u00e2teau du Rivau season ticket holders, holders of a full-price ticket for Fontevraud Abbey and Museum, the Ch\u00e2teaux of Oiron, Rivau or Montsoreau and Clos Luc\u00e9, Cr\u00e9dit Agricole Touraine &#8211; Poitou members, members of the Indre-et-Loire departmental handisport committee, holders of a REMI or PASS REMI D\u00c9COUVERTE ticket for less than 24 hours to Tours, SNCF agents (PASS carmillon), teachers at art colleges.<\/h5>\n<p>[\/vc_column_text][vc_empty_space height=&#8221;5px&#8221;][vc_column_text]<\/p>\n<table>\n<tbody>\n<tr>\n<td>free of charge<\/td>\n<td><\/td>\n<\/tr>\n<\/tbody>\n<\/table>\n<h5>under 18s, ICOM card, ICOMOS card, IKT card, Culture card, press card, AICA card, guide-lecturer card, TALM &#8211; Tours students, accompanying adult for disabled persons without autonomy.<\/h5>\n<p>[\/vc_column_text][vc_empty_space][vc_column_text]<\/p>\n<h4 style=\"color: #7b61ff;\">access to events<\/h4>\n<p>[\/vc_column_text][vc_column_text]<\/p>\n<table>\n<tbody>\n<tr>\n<td>lecture<\/td>\n<td>\u20ac4<\/td>\n<\/tr>\n<tr>\n<td>guided tour<\/td>\n<td>\u20ac2 in addition to admission ticket<\/td>\n<\/tr>\n<\/tbody>\n<\/table>\n<h5><\/h5>\n<p>[\/vc_column_text][vc_column_text]<\/p>\n<table style=\"height: 37px;\" width=\"551\">\n<tbody>\n<tr>\n<td>free with <a href=\"https:\/\/cccod.fr\/en\/le-pass\/\">CCC OD LEPASS card <\/a><\/td>\n<td><\/td>\n<\/tr>\n<\/tbody>\n<\/table>\n<h5><\/h5>\n<p>[\/vc_column_text][vc_empty_space][vc_column_text]<\/p>\n<h4 style=\"color: #7b61ff;\">means of payment accepted<\/h4>\n<p>[\/vc_column_text][vc_column_text]<\/p>\n<h5>cash, cheques, bank cards,<br \/>\nTours CITY PASS, ancv holiday vouchers,<br \/>\nYEP&#8217;S accounts, Culture pass.<\/h5>\n<p>[\/vc_column_text][vc_empty_space][\/vc_tab][vc_tab title=&#8221;group rates&#8221; tab_id=&#8221;1691054984710-2-7&#8243;][vc_column_text]<\/p>\n<h4 style=\"color: #7b61ff;\">adult groups<\/h4>\n<p>[\/vc_column_text][vc_column_text]<\/p>\n<table>\n<tbody>\n<tr>\n<td>self-guided tour<\/td>\n<td>\u20ac6\/person<\/td>\n<\/tr>\n<tr>\n<td>package tour<\/td>\n<td>\u20ac125 (8 to 25 people)<\/td>\n<\/tr>\n<\/tbody>\n<\/table>\n<h5><\/h5>\n<p>[\/vc_column_text][vc_empty_space][vc_column_text]<\/p>\n<h4 style=\"color: #7b61ff;\">school, after-school and medico-social groups<\/h4>\n<p>[\/vc_column_text][vc_column_text]<\/p>\n<table>\n<tbody>\n<tr>\n<td>package tour<\/td>\n<td>\u20ac50 (up to 25 people)<\/td>\n<\/tr>\n<\/tbody>\n<\/table>\n<h5>free for schoolchildren from the Orl\u00e9ans-Tours Academy and all accompanying adults.<\/h5>\n<p>[\/vc_column_text][\/vc_tab][vc_tab title=&#8221;la route contemporaine&#8221; tab_id=&#8221;1691486885759-3-3&#8243;][vc_column_text]The CCC OD in Tours, the Royal Abbey of Fontevraud, the Ch\u00e2teau du Rivau and the Ch\u00e2teau d&#8217;Oiron are offering you a unique opportunity to discover contemporary art in the heart of the heritage of the Val de Loire![\/vc_column_text][vc_empty_space][vc_column_text]Loire heritage through a contemporary art trail<\/p>\n<h5><a href=\"https:\/\/www.fontevraud.fr\/\">Abbaye Royale de Fautevraud <\/a> &#8211; 49 590 Fontevraud-l&#8217;Abbaye<\/h5>\n<h5>CCC OD &#8211; Jardin Fran\u00e7ois 1er &#8211; 37 000 Tours<\/h5>\n<h5><a href=\"https:\/\/www.chateau-oiron.fr\/\">Ch\u00e2teau d&#8217;Oiron<\/a> &#8211; 10 rue du Ch\u00e2teau &#8211; 79100 Plaine-et-Vall\u00e9es<\/h5>\n<h5><a href=\"https:\/\/www.chateaudurivau.com\/fr\/\">Ch\u00e2teau du Rivau<\/a> &#8211; 9 rue du Ch\u00e2teau &#8211; 37 120 L\u00e9mer\u00e9<\/h5>\n<p>[\/vc_column_text][vc_empty_space][vc_column_text]<\/p>\n<table>\n<tbody>\n<tr>\n<td>concessions<\/td>\n<td>\u20ac4<\/td>\n<\/tr>\n<\/tbody>\n<\/table>\n<h5><span class=\"wixui-rich-text__text\">benefit from a reduced rate at the CCC OD on presentation of a full-price ticket for the Royal Abbey of Fontevraud,<br \/>\nOiron or Rivau castles<\/span><\/h5>\n<p>[\/vc_column_text][vc_empty_space][vc_column_text]<a class=\"lien-btn\" style=\"color: #7b61ff;\" href=\"https:\/\/www.route-contemporaine.fr\/\">To find out more<\/a>[\/vc_column_text][\/vc_tab][vc_tab title=&#8221;online ticketing&#8221; tab_id=&#8221;1680185079787-1-4&#8243;][vc_empty_space height=&#8221;10px&#8221;][vc_column_text]to book your admission ticket or your place on a family tour, workshop, course, event or special visit&#8230;[\/vc_column_text][vc_empty_space height=&#8221;10px&#8221;][vc_column_text]<\/p>\n<h4><a class=\"lien-btn\" style=\"color: #7b61ff;\" href=\"https:\/\/billetterie.cccod.fr\/etablissement\/76bd5165-1cd1-4d01-b091-a15923cc3c9e\" target=\"_blank\" rel=\"noopener\">access the online ticketing service<\/a><\/h4>\n<p>[\/vc_column_text][\/vc_tab][\/vc_tabs][\/vc_column][\/vc_row][vc_row css_animation=&#8221;&#8221; row_type=&#8221;row&#8221; use_row_as_full_screen_section=&#8221;no&#8221; type=&#8221;full_width&#8221; angled_section=&#8221;no&#8221; text_align=&#8221;left&#8221; background_image_as_pattern=&#8221;without_pattern&#8221;][vc_column][vc_empty_space height=&#8221;40px&#8221;][\/vc_column][\/vc_row]<\/p>\n","protected":false},"excerpt":{"rendered":"<p>[vc_row css_animation=&#8221;&#8221; row_type=&#8221;row&#8221; use_row_as_full_screen_section=&#8221;no&#8221; type=&#8221;full_width&#8221; angled_section=&#8221;no&#8221; text_align=&#8221;left&#8221; background_image_as_pattern=&#8221;without_pattern&#8221; css=&#8221;.vc_custom_1680185532921{padding-top: 10px !important;padding-right: 20px !important;padding-bottom: 6% !important;padding-left: 20px !important;}&#8221; z_index=&#8221;&#8221;][vc_column css=&#8221;.vc_custom_1680185554044{padding-right: 20px !important;padding-left: 20px !important;}&#8221;][vc_tabs style=&#8221;vertical_left&#8221; title=&#8221;prices and ticketing&#8221;][vc_tab title=&#8221;individual rates&#8221; tab_id=&#8221;1c143af8-4d51-7&#8243;][vc_column_text] access to exhibitions [\/vc_column_text][vc_column_text] full price \u20ac8,50 reduced \u20ac5,50 [\/vc_column_text][vc_column_text] concessions on presentation of proof&#8230;<\/p>\n","protected":false},"author":1,"featured_media":0,"parent":0,"menu_order":0,"comment_status":"closed","ping_status":"closed","template":"full_width.php","meta":{"_acf_changed":false,"footnotes":""},"class_list":["post-21210","page","type-page","status-publish","hentry"],"acf":[],"_links":{"self":[{"href":"https:\/\/cccod.fr\/en\/wp-json\/wp\/v2\/pages\/21210"}],"collection":[{"href":"https:\/\/cccod.fr\/en\/wp-json\/wp\/v2\/pages"}],"about":[{"href":"https:\/\/cccod.fr\/en\/wp-json\/wp\/v2\/types\/page"}],"author":[{"embeddable":true,"href":"https:\/\/cccod.fr\/en\/wp-json\/wp\/v2\/users\/1"}],"replies":[{"embeddable":true,"href":"https:\/\/cccod.fr\/en\/wp-json\/wp\/v2\/comments?post=21210"}],"version-history":[{"count":13,"href":"https:\/\/cccod.fr\/en\/wp-json\/wp\/v2\/pages\/21210\/revisions"}],"predecessor-version":[{"id":23941,"href":"https:\/\/cccod.fr\/en\/wp-json\/wp\/v2\/pages\/21210\/revisions\/23941"}],"wp:attachment":[{"href":"https:\/\/cccod.fr\/en\/wp-json\/wp\/v2\/media?parent=21210"}],"curies":[{"name":"wp","href":"https:\/\/api.w.org\/{rel}","templated":true}]}}