{"id":23838,"date":"2022-12-15T14:57:51","date_gmt":"2022-12-15T13:57:51","guid":{"rendered":"https:\/\/cccod.fr\/press\/"},"modified":"2026-03-03T16:23:47","modified_gmt":"2026-03-03T15:23:47","slug":"press","status":"publish","type":"page","link":"https:\/\/cccod.fr\/en\/press\/","title":{"rendered":"press"},"content":{"rendered":"<p>[vc_row css_animation=&#8221;&#8221; row_type=&#8221;row&#8221; use_row_as_full_screen_section=&#8221;no&#8221; type=&#8221;full_width&#8221; angled_section=&#8221;no&#8221; text_align=&#8221;left&#8221; background_image_as_pattern=&#8221;without_pattern&#8221; css=&#8221;.vc_custom_1680188555686{padding-top: 10px !important;padding-right: 20px !important;padding-bottom: 6% !important;padding-left: 20px !important;}&#8221; z_index=&#8221;&#8221;][vc_column css=&#8221;.vc_custom_1680188562265{padding-right: 20px !important;padding-left: 20px !important;}&#8221;][vc_tabs style=&#8221;vertical_left&#8221; title=&#8221;press room&#8221;][vc_tab title=&#8221;the ccc od&#8221; tab_id=&#8221;4104293b-8368-7&#8243;][vc_column_text]<\/p>\n<h4>the ccc od<\/h4>\n<p>&nbsp;<\/p>\n<p>Right in the heart of the Loire ch\u00e2teaux region, the CCC OD provides the city of Tours with a prestigious creative centre of international renown.<br \/>\nIts 4,500 m2 building, exceptional for the quality of its space and the way it is lit, was designed by one of the most innovative architectural agencies, Aires Mateus: it houses four temporary exhibition spaces, an auditorium, a caf\u00e9-restaurant and a bookshop.<br \/>\nA place for sharing, living and meeting, the art centre offers the public the chance to experience art for real: it&#8217;s in this spirit that the programme occasionally brings together the work of Olivier Debr\u00e9, a major figure in twentieth-century painting, with the most contemporary works.<\/p>\n<table>\n<tbody>\n<tr>\n<td>dossier de presse<\/td>\n<td>pdf<\/td>\n<td><a href=\"https:\/\/cccod.fr\/wp-content\/uploads\/2024\/10\/DP-FR-CCC-OD-PRESENTATION-CCC-OD-DEBRE.pdf\" target=\"_blank\" rel=\"noopener\">t\u00e9l\u00e9charger<\/a><\/td>\n<\/tr>\n<tr>\n<td>press release<\/td>\n<td>pdf<\/td>\n<td><a href=\"https:\/\/cccod.fr\/wp-content\/uploads\/2024\/10\/DP-EN-CCC-OD-PRESENTATION-CCC-OD-DEBRE.pdf\" target=\"_blank\" rel=\"noopener\">t\u00e9l\u00e9charger<\/a><\/td>\n<\/tr>\n<\/tbody>\n<\/table>\n<p>[\/vc_column_text][vc_separator type=&#8221;normal&#8221; color=&#8221;#000000&#8243; transparency=&#8221;1&#8243; down=&#8221;15&#8243;][vc_column_text]<\/p>\n<h4>an exceptional building<\/h4>\n<p>&nbsp;<\/p>\n<p>The Portuguese architecture firm Aires Mateus e Associados was chosen in 2012 in an international competition to design the CCC OD building.<br \/>Francisco and Manuel Aires Mateus are now among the leading exponents of Portuguese architecture, developing a timeless, uncluttered and minimalist style of architecture that is attentive to the potential for transforming the existing site. The CCC OD in Tours is their first French project; it paves the way for other major European museum projects, including the Mudac &#8211; Mus\u00e9e de l&#8217;\u00c9lys\u00e9e in Lausanne.[\/vc_column_text][vc_separator type=&#8221;normal&#8221; color=&#8221;#000000&#8243; transparency=&#8221;1&#8243; down=&#8221;15&#8243;][vc_column_text]<\/p>\n<h4>the debr\u00e9 donation<\/h4>\n<p>&nbsp;<\/p>\n<p>The CCC OD is now the custodian of a donation from the heirs of Olivier Debr\u00e9 (1920-1999). It consists of five large oils on canvas (4*9m) designed especially for the CCC&#8217;s walls in 1991, 150 graphic works and a semi-permanent loan of 140 paintings. the CCC OD promotes the figure of the artist by devoting a series of temporary exhibitions to him and by preparing the catalogue raisonn\u00e9 of his works.[\/vc_column_text][vc_separator type=&#8221;normal&#8221; color=&#8221;#000000&#8243; transparency=&#8221;1&#8243; down=&#8221;15&#8243;][vc_column_text]<\/p>\n<h4>a unique 1% art project<\/h4>\n<p>&nbsp;<\/p>\n<p>The Baldinger et Vu-Huu agency was selected to create a typography for the entire graphic universe of the CCC OD, from its sign to its interior signage.[\/vc_column_text][vc_separator type=&#8221;normal&#8221; color=&#8221;#000000&#8243; transparency=&#8221;1&#8243; down=&#8221;15&#8243;][vc_column_text css=&#8221;.vc_custom_1729863607470{padding-bottom: 10px !important;}&#8221;]<\/p>\n<h4>press contact<\/h4>\n<p>&nbsp;<\/p>\n<p>L\u00e9na Loizon[\/vc_column_text][vc_column_text]<a style=\"color: #666666;\" href=\"mailto:l.loizon@cccod.fr\">l.loizon@cccod.fr<\/a><\/p>\n<p>+33 (2)47 70 23 22[\/vc_column_text][\/vc_tab][vc_tab title=&#8221;current exhibitions&#8221; tab_id=&#8221;8892c5a7-9e9d-4&#8243;][vc_column_text]<\/p>\n<h4>suzanne lafont<\/h4>\n<h4>plots &amp; notes for an institutionnal comedy<\/h4>\n<p><span style=\"color: #666666; font-size: 26px; line-height: 35px;\">06.02.26 &#8211; 14.06.26<br \/>\n<\/span><\/p>\n<table style=\"height: 37px;\" width=\"246\">\n<tbody>\n<tr>\n<td>dossier de presse<\/td>\n<td>pdf<\/td>\n<td><a href=\"https:\/\/cccod.fr\/wp-content\/uploads\/2026\/02\/DP-Suzanne-Lafont-1.pdf\" target=\"_blank\" rel=\"noopener\">t\u00e9l\u00e9charger<\/a><\/td>\n<\/tr>\n<tr>\n<td><\/td>\n<td><\/td>\n<td><\/td>\n<\/tr>\n<\/tbody>\n<\/table>\n<p>[\/vc_column_text][vc_separator type=&#8221;normal&#8221; color=&#8221;#000000&#8243; down=&#8221;15&#8243; transparency=&#8221;1&#8243;][vc_column_text]<\/p>\n<h4>lieven de boeck<\/h4>\n<h4>breaking free<\/h4>\n<p><span style=\"color: #666666; font-size: 26px; line-height: 35px;\">07.11.25 &#8211; 31.05.26<br \/>\n<\/span><\/p>\n<table>\n<tbody>\n<tr>\n<td>dossier de presse<\/td>\n<td>pdf<\/td>\n<td><a href=\"https:\/\/cccod.fr\/wp-content\/uploads\/2025\/11\/DP-LDB-web.pdf\" target=\"_blank\" rel=\"noopener\">t\u00e9l\u00e9charger<\/a><\/td>\n<\/tr>\n<tr>\n<td>press release<\/td>\n<td>pdf<\/td>\n<td><a href=\"https:\/\/cccod.fr\/wp-content\/uploads\/2025\/11\/EN-DP-LDB-web.pdf\" target=\"_blank\" rel=\"noopener\">t\u00e9l\u00e9charger<\/a><\/td>\n<\/tr>\n<\/tbody>\n<\/table>\n<p>[\/vc_column_text][vc_separator type=&#8221;normal&#8221; color=&#8221;#000000&#8243; down=&#8221;15&#8243; transparency=&#8221;1&#8243;][\/vc_tab][vc_tab title=&#8221;past exhibitions&#8221; tab_id=&#8221;1652225308848-2-9&#8243;][vc_column_text]<\/p>\n<h4>claire chesnier<\/h4>\n<h4>a vertical spreading<\/h4>\n<p>06.06.25 &#8211; 01.02.26<\/p>\n<table>\n<tbody>\n<tr>\n<td>dossier de presse<\/td>\n<td>pdf<\/td>\n<p><a href=\"https:\/\/cccod.fr\/wp-content\/uploads\/2025\/06\/DP-Claire-Chesnier.pdf\" target=\"_blank\" rel=\"noopener\"><\/a><\/p>\n<td>t\u00e9l\u00e9charger<\/td>\n<\/tr>\n<tr>\n<td>press release<\/td>\n<td>pdf<\/td>\n<td><a href=\"https:\/\/cccod.fr\/wp-content\/uploads\/2025\/06\/EN-DP-Claire-Chesnier-mars-25.pdf\" target=\"_blank\" rel=\"noopener\">download<\/a><\/td>\n<\/tr>\n<\/tbody>\n<\/table>\n<p>[\/vc_column_text][vc_separator type=&#8221;normal&#8221; color=&#8221;#000000&#8243; transparency=&#8221;1&#8243; down=&#8221;15&#8243;][vc_column_text]<\/p>\n<h4>olivier debr\u00e9<\/h4>\n<h4>la peinture en sc\u00e8ne<\/h4>\n<p>04.04.25 &#8211; 04.01.26<\/p>\n<table>\n<tbody>\n<tr>\n<td>dossier de presse<\/td>\n<td>pdf<\/td>\n<td><a href=\"https:\/\/cccod.fr\/wp-content\/uploads\/2025\/04\/DP-OD-peinture-en-scene.pdf\" target=\"_blank\" rel=\"noopener\">t\u00e9l\u00e9charger<\/a><\/td>\n<\/tr>\n<tr>\n<td>press release<\/td>\n<td>pdf<\/td>\n<td><a href=\"https:\/\/cccod.fr\/wp-content\/uploads\/2025\/04\/EN-DP-OD-peinture-en-scene.pdf\" target=\"_blank\" rel=\"noopener\">download<\/a><\/td>\n<\/tr>\n<\/tbody>\n<\/table>\n<p>[\/vc_column_text][vc_separator type=&#8221;normal&#8221; color=&#8221;#000000&#8243; transparency=&#8221;1&#8243; down=&#8221;15&#8243;][vc_column_text]<\/p>\n<h4>koen taselaar<\/h4>\n<h4>end and<\/h4>\n<p>07.02.25 &#8211; 21.09.25<\/p>\n<table>\n<tbody>\n<tr>\n<td>dossier de presse<\/td>\n<td>pdf<\/td>\n<td><a href=\"https:\/\/cccod.fr\/wp-content\/uploads\/2025\/03\/DP_CCCOD_Koen-Taselaar_mars25.pdf\" target=\"_blank\" rel=\"noopener\">t\u00e9l\u00e9charger<\/a><\/td>\n<\/tr>\n<tr>\n<td>press release<\/td>\n<td>pdf<\/td>\n<td><a href=\"https:\/\/cccod.fr\/wp-content\/uploads\/2025\/03\/EN_CCCOD_Koen-Taselaar_mars25.pdf\">download<\/a><\/td>\n<\/tr>\n<\/tbody>\n<\/table>\n<p>[\/vc_column_text][vc_separator type=&#8221;normal&#8221; color=&#8221;#000000&#8243; transparency=&#8221;1&#8243; down=&#8221;15&#8243;][vc_column_text]<\/p>\n<h4>group exhibition<\/h4>\n<h4>presi per incantamento<\/h4>\n<p>15.11.24 &#8211; 04.05.25<\/p>\n<table>\n<tbody>\n<tr>\n<td>dossier de presse<\/td>\n<td>pdf<\/td>\n<td><a href=\"https:\/\/cccod.fr\/wp-content\/uploads\/2024\/12\/CP-CCC-OD-PRESI-PER-INCANTAMENTO.pdf\" target=\"_blank\" rel=\"noopener\">t\u00e9l\u00e9charger<\/a><\/td>\n<\/tr>\n<tr>\n<td><\/td>\n<td><\/td>\n<td><\/td>\n<\/tr>\n<\/tbody>\n<\/table>\n<p>[\/vc_column_text][vc_separator type=&#8221;normal&#8221; color=&#8221;#000000&#8243; transparency=&#8221;1&#8243; down=&#8221;15&#8243;][vc_column_text]<\/p>\n<h4>ana vidigal<\/h4>\n<h4>pour voir, ferme les yeux<\/h4>\n<p>04.10.24 &#8211; 09.03.25<\/p>\n<table>\n<tbody>\n<tr>\n<td>dossier de presse<\/td>\n<td>pdf<\/td>\n<td><a href=\"https:\/\/cccod.fr\/wp-content\/uploads\/2024\/10\/IMP-CP-CCC-OD-POUR-VOIR-FERME-LES-YEUX-ANA-VIDIGAL.pdf\" target=\"_blank\" rel=\"noopener\">t\u00e9l\u00e9charger<\/a><\/td>\n<\/tr>\n<tr>\n<td><\/td>\n<td><\/td>\n<td><\/td>\n<\/tr>\n<\/tbody>\n<\/table>\n<p>[\/vc_column_text][vc_separator type=&#8221;normal&#8221; color=&#8221;#000000&#8243; transparency=&#8221;1&#8243; down=&#8221;15&#8243;][vc_column_text]<\/p>\n<h4>hera bu\u0308yu\u0308ktas\u0327c\u0131yan<\/h4>\n<h4>Defending Ancient Waters<\/h4>\n<p>29.03.24 \u2013 05.01.25<\/p>\n<table>\n<tbody>\n<tr>\n<td>dossier de presse<\/td>\n<td>pdf<\/td>\n<td><a href=\"https:\/\/cccod.fr\/wp-content\/uploads\/2024\/03\/DP-CCC-OD-Hera-Buyuktasciyan.pdf\" target=\"_blank\" rel=\"noopener\">t\u00e9l\u00e9charger<\/a><\/td>\n<\/tr>\n<tr>\n<td><\/td>\n<td><\/td>\n<td><\/td>\n<\/tr>\n<\/tbody>\n<\/table>\n<p>[\/vc_column_text][vc_separator type=&#8221;normal&#8221; color=&#8221;#000000&#8243; transparency=&#8221;1&#8243; down=&#8221;15&#8243;][vc_column_text]<\/p>\n<h4>anna solal et pierre unal-brunet<\/h4>\n<h4>intrication<\/h4>\n<p>26.04 &#8211; 22.09.24<\/p>\n<table>\n<tbody>\n<tr>\n<td>dossier de presse<\/td>\n<td>pdf<\/td>\n<td><a href=\"https:\/\/cccod.fr\/wp-content\/uploads\/2024\/04\/CP-CCC-OD-INTRICATION.pdf\" target=\"_blank\" rel=\"noopener\">t\u00e9l\u00e9charger<\/a><\/td>\n<\/tr>\n<tr>\n<td><\/td>\n<td><\/td>\n<td><\/td>\n<\/tr>\n<\/tbody>\n<\/table>\n<p>[\/vc_column_text][vc_separator type=&#8221;normal&#8221; color=&#8221;#000000&#8243; transparency=&#8221;1&#8243; down=&#8221;15&#8243;][vc_column_text]<\/p>\n<h4>group exhibition<\/h4>\n<h4>sortir le travail de sa nuit<\/h4>\n<p>16.02 &#8211; 01.09.24<\/p>\n<table>\n<tbody>\n<tr>\n<td>dossier de presse<\/td>\n<td>pdf<\/td>\n<td><a href=\"https:\/\/cccod.fr\/wp-content\/uploads\/2024\/03\/DP-CCC-OD-SORTIR-LE-TRAVAIL-DE-SA-NUIT.pdf\" target=\"_blank\" rel=\"noopener\">t\u00e9l\u00e9charger<\/a><\/td>\n<\/tr>\n<tr>\n<td><\/td>\n<td><\/td>\n<td><\/td>\n<\/tr>\n<\/tbody>\n<\/table>\n<h4><\/h4>\n<p>[\/vc_column_text][vc_separator type=&#8221;normal&#8221; color=&#8221;#000000&#8243; transparency=&#8221;1&#8243; down=&#8221;15&#8243;][vc_column_text]<\/p>\n<h4>dieudonn\u00e9 cartier<\/h4>\n<h4>fragment 91<\/h4>\n<p>02.01 &#8211; 16.06.24<\/p>\n<table>\n<tbody>\n<tr>\n<td>dossier de presse<\/td>\n<td>pdf<\/td>\n<td><a href=\"https:\/\/cccod.fr\/wp-content\/uploads\/2024\/02\/CP-CCC-OD-DIEUDONNE-CARTIER.pdf\" target=\"_blank\" rel=\"noopener\">t\u00e9l\u00e9charger<\/a><\/td>\n<\/tr>\n<tr>\n<td><\/td>\n<td><\/td>\n<td><\/td>\n<\/tr>\n<\/tbody>\n<\/table>\n<p>[\/vc_column_text][vc_separator type=&#8221;normal&#8221; color=&#8221;#000000&#8243; transparency=&#8221;1&#8243; down=&#8221;15&#8243;][vc_column_text]<\/p>\n<h4>olivier debr\u00e9<\/h4>\n<h4>la figuration \u00e0 l&#8217;envers<\/h4>\n<p>14.04.23 &#8211; 25.02.24<\/p>\n<table>\n<tbody>\n<tr>\n<td>dossier de presse<\/td>\n<td>pdf<\/td>\n<td><a href=\"https:\/\/cccod.fr\/wp-content\/uploads\/2023\/09\/DP-CCC-OD-LA-FIGURATION-A-LENVERS.pdf\" target=\"_blank\" rel=\"noopener\">t\u00e9l\u00e9charger<\/a><\/td>\n<\/tr>\n<tr>\n<td><\/td>\n<td><\/td>\n<td><\/td>\n<\/tr>\n<\/tbody>\n<\/table>\n<p>[\/vc_column_text][vc_separator type=&#8221;normal&#8221; color=&#8221;#000000&#8243; transparency=&#8221;1&#8243; down=&#8221;15&#8243;][vc_column_text]<\/p>\n<h4>ramin haerizadeh, rokni haerizadeh et hesam rahmanian<\/h4>\n<h4>le diwan du d\u00e9mon<\/h4>\n<p>02.06.23 &#8211; 18.02.24<\/p>\n<table>\n<tbody>\n<tr>\n<td>dossier de presse<\/td>\n<td>pdf<\/td>\n<td><a href=\"https:\/\/cccod.fr\/wp-content\/uploads\/2023\/09\/DP-CCC-OD-Ramin-Haerizadeh-Rokni-Haerizadeh-Hesam-Rahmanian.pdf\" target=\"_blank\" rel=\"noopener\">t\u00e9l\u00e9charger<\/a><\/td>\n<\/tr>\n<tr>\n<td>press release<\/td>\n<td>pdf<\/td>\n<td><a href=\"https:\/\/cccod.fr\/wp-content\/uploads\/2023\/09\/DP-EN-CCC-OD-Ramin-Haerizadeh-Rokni-Haerizadeh-Hesam-Rahmanian.pdf\" target=\"_blank\" rel=\"noopener\">t\u00e9l\u00e9charger<\/a><\/td>\n<\/tr>\n<\/tbody>\n<\/table>\n<p>[\/vc_column_text][vc_separator type=&#8221;normal&#8221; color=&#8221;#000000&#8243; transparency=&#8221;1&#8243; down=&#8221;15&#8243;][vc_column_text]<\/p>\n<h4>group exhibition<\/h4>\n<h4>ast\u00e8r at\u00e8rla<\/h4>\n<p>07.07.23 &#8211; 07.01.24<\/p>\n<table width=\"250\">\n<tbody>\n<tr>\n<td>dossier de presse<\/td>\n<td>pdf<\/td>\n<td><a href=\"https:\/\/cccod.fr\/wp-content\/uploads\/2023\/09\/DP-CCC-OD-ASTER-ATERLA_WEB.pdf\" target=\"_blank\" rel=\"noopener\">t\u00e9l\u00e9charger<\/a><\/td>\n<\/tr>\n<tr>\n<td><\/td>\n<td><\/td>\n<td><\/td>\n<\/tr>\n<\/tbody>\n<\/table>\n<p>[\/vc_column_text][vc_separator type=&#8221;normal&#8221; color=&#8221;#000000&#8243; transparency=&#8221;1&#8243; down=&#8221;15&#8243;][vc_column_text]<\/p>\n<h4>ad minoliti<\/h4>\n<h4>play theater<\/h4>\n<table>\n<tbody>\n<tr>\n<td>dossier de presse<\/td>\n<td>pdf<\/td>\n<td><a href=\"https:\/\/cccod.fr\/wp-content\/uploads\/2025\/01\/AD-MINOLITI-DP-FR_DEF.pdf\" target=\"_blank\" rel=\"noopener\">t\u00e9l\u00e9charger<\/a><\/td>\n<\/tr>\n<tr>\n<td>press release<\/td>\n<td>pdf<\/td>\n<td><a href=\"https:\/\/cccod.fr\/wp-content\/uploads\/2025\/01\/AD-MINOLITI-DP-EN.pdf\" target=\"_blank\" rel=\"noopener\">t\u00e9l\u00e9charger<\/a><\/td>\n<\/tr>\n<\/tbody>\n<\/table>\n<p>[\/vc_column_text][vc_separator type=&#8221;normal&#8221; color=&#8221;#000000&#8243; transparency=&#8221;1&#8243; down=&#8221;15&#8243;][vc_column_text]<\/p>\n<h4>christodoulos panayiotou<\/h4>\n<h4>the portrait of chistopher atkins<\/h4>\n<table>\n<tbody>\n<tr>\n<td>dossier de presse<\/td>\n<td>pdf<\/td>\n<td><a href=\"https:\/\/cccod.fr\/wp-content\/uploads\/2025\/01\/CHRISTODOULOS-PANAYIOTOU-DP-FR.pdf\" target=\"_blank\" rel=\"noopener\">t\u00e9l\u00e9charger<\/a><\/td>\n<\/tr>\n<tr>\n<td>press release<\/td>\n<td>pdf<\/td>\n<td><a href=\"https:\/\/cccod.fr\/wp-content\/uploads\/2025\/01\/CHRISTODOULOS-PANAYIOTOU-DP-EN.pdf\" target=\"_blank\" rel=\"noopener\">t\u00e9l\u00e9charger<\/a><\/td>\n<\/tr>\n<\/tbody>\n<\/table>\n<p>[\/vc_column_text][vc_separator type=&#8221;normal&#8221; color=&#8221;#000000&#8243; transparency=&#8221;1&#8243; down=&#8221;15&#8243;][vc_column_text]<\/p>\n<h4>variables d&#8217;\u00e9panouissement<\/h4>\n<h4>group exhibition<\/h4>\n<table>\n<tbody>\n<tr>\n<td>dossier de presse<\/td>\n<td>pdf<\/td>\n<td><a href=\"https:\/\/cccod.fr\/wp-content\/uploads\/2025\/01\/VARIABLES-DEPANOUISSEMENT-DP-FR.pdf\" target=\"_blank\" rel=\"noopener\">t\u00e9l\u00e9charger<\/a><\/td>\n<\/tr>\n<tr>\n<td>press release<\/td>\n<td>pdf<\/td>\n<td><a href=\"https:\/\/cccod.fr\/wp-content\/uploads\/2025\/01\/VARIABLES-DEPANOUISSEMENT-DP-EN.pdf\" target=\"_blank\" rel=\"noopener\">t\u00e9l\u00e9charger<\/a><\/td>\n<\/tr>\n<\/tbody>\n<\/table>\n<p>[\/vc_column_text][vc_separator type=&#8221;normal&#8221; color=&#8221;#000000&#8243; transparency=&#8221;1&#8243; down=&#8221;15&#8243;][vc_column_text]<\/p>\n<h4>ho\u00ebl duret<\/h4>\n<h4>cont#ct<\/h4>\n<table style=\"height: 56px;\" width=\"246\">\n<tbody>\n<tr>\n<td>dossier de presse<\/td>\n<td>pdf<\/td>\n<td><a href=\"https:\/\/cccod.fr\/wp-content\/uploads\/2025\/01\/DP-FR-CCC-OD-HOEL-DURET_V2.pdf\" target=\"_blank\" rel=\"noopener\">t\u00e9l\u00e9charger<\/a><\/td>\n<\/tr>\n<tr>\n<td><\/td>\n<td><\/td>\n<td><\/td>\n<\/tr>\n<\/tbody>\n<\/table>\n<p>[\/vc_column_text][vc_separator type=&#8221;normal&#8221; color=&#8221;#000000&#8243; transparency=&#8221;1&#8243; down=&#8221;15&#8243;][vc_column_text]<\/p>\n<h4>tout ce que je veux<\/h4>\n<h4>artistes portugaises de 1900 \u00e0 2020<\/h4>\n<table>\n<tbody>\n<tr>\n<td>dossier de presse<\/td>\n<td>pdf<\/td>\n<p><a href=\"https:\/\/cccod.fr\/wp-content\/uploads\/2025\/01\/DP-FR-CCC-OD-TOUT-CE-QUE-JE-VEUX.pdf\" target=\"_blank\" rel=\"noopener\"><\/a><\/p>\n<td>t\u00e9l\u00e9charger<\/td>\n<\/tr>\n<tr>\n<td>press release<\/td>\n<td>pdf<\/td>\n<p><a href=\"https:\/\/cccod.fr\/wp-content\/uploads\/2025\/01\/DP-EN-CCC-OD-TOUT-CE-QUE-JE-VEUX.pdf\" target=\"_blank\" rel=\"noopener\"><\/a><\/p>\n<td>t\u00e9l\u00e9charger<\/td>\n<\/tr>\n<\/tbody>\n<\/table>\n<p>[\/vc_column_text][vc_separator type=&#8221;normal&#8221; color=&#8221;#000000&#8243; transparency=&#8221;1&#8243; down=&#8221;15&#8243;][vc_column_text]<\/p>\n<h4>baldinger\u2022vu-huu<\/h4>\n<h4>confluences<\/h4>\n<table>\n<tbody>\n<tr>\n<td>dossier de presse<\/td>\n<td>pdf<\/td>\n<p><a href=\"https:\/\/cccod.fr\/wp-content\/uploads\/2025\/01\/DP-FR-CCC-OD-BVH.pdf\" target=\"_blank\" rel=\"noopener\"><\/a><\/p>\n<td>t\u00e9l\u00e9charger<\/td>\n<\/tr>\n<tr>\n<td><\/td>\n<td><\/td>\n<td><\/td>\n<\/tr>\n<\/tbody>\n<\/table>\n<p>[\/vc_column_text][\/vc_tab][vc_tab title=&#8221;Events&#8221; tab_id=&#8221;1652225309856-3-7&#8243;][vc_column_text]<\/p>\n<h4>visits season 2022<\/h4>\n<h4>tours season 2022<\/h4>\n<table>\n<tbody>\n<tr>\n<td>dossier de presse<\/td>\n<td>pdf<\/td>\n<td>t\u00e9l\u00e9charger<\/td>\n<\/tr>\n<tr>\n<td>press release<\/td>\n<td>pdf<\/td>\n<td>t\u00e9l\u00e9charger<\/td>\n<\/tr>\n<\/tbody>\n<\/table>\n<p>[\/vc_column_text][vc_separator type=&#8221;normal&#8221; color=&#8221;#000000&#8243; transparency=&#8221;1&#8243; down=&#8221;15&#8243;][vc_column_text]<\/p>\n<h4>meet Maria Jos\u00e9 Oliveira<\/h4>\n<table>\n<tbody>\n<tr>\n<td>dossier de presse<\/td>\n<td>pdf<\/td>\n<td>t\u00e9l\u00e9charger<\/td>\n<\/tr>\n<tr>\n<td>press release<\/td>\n<td>pdf<\/td>\n<td>t\u00e9l\u00e9charger<\/td>\n<\/tr>\n<\/tbody>\n<\/table>\n<p>[\/vc_column_text][vc_separator type=&#8221;normal&#8221; color=&#8221;#000000&#8243; transparency=&#8221;1&#8243; down=&#8221;15&#8243;][vc_column_text]<\/p>\n<h4>CCC OD celebrates its 5th anniversary!<\/h4>\n<table>\n<tbody>\n<tr>\n<td>dossier de presse<\/td>\n<td>pdf<\/td>\n<td>t\u00e9l\u00e9charger<\/td>\n<\/tr>\n<tr>\n<td>press release<\/td>\n<td>pdf<\/td>\n<td>t\u00e9l\u00e9charger<\/td>\n<\/tr>\n<\/tbody>\n<\/table>\n<p>[\/vc_column_text][vc_separator type=&#8221;normal&#8221; color=&#8221;#000000&#8243; transparency=&#8221;1&#8243; down=&#8221;15&#8243;][vc_column_text]<\/p>\n<h4>meet Alain Bublex<\/h4>\n<table>\n<tbody>\n<tr>\n<td>dossier de presse<\/td>\n<td>pdf<\/td>\n<td>t\u00e9l\u00e9charger<\/td>\n<\/tr>\n<tr>\n<td>press release<\/td>\n<td>pdf<\/td>\n<td>t\u00e9l\u00e9charger<\/td>\n<\/tr>\n<\/tbody>\n<\/table>\n<p>[\/vc_column_text][\/vc_tab][vc_tab title=&#8221;bookshop, restaurant&#8221; tab_id=&#8221;1671123332766-4-5&#8243;][vc_column_text]<\/p>\n<h4>new restaurant &#8211; january 2024<\/h4>\n<table>\n<tbody>\n<tr>\n<td>communiqu\u00e9 de presse<\/td>\n<td>pdf<\/td>\n<td><a href=\"https:\/\/cccod.fr\/wp-content\/uploads\/2024\/04\/CP-CCC-OD-LE-CAFE-DE-PAULA.pdf\">t\u00e9l\u00e9charger<\/a><\/td>\n<\/tr>\n<tr>\n<td><\/td>\n<td><\/td>\n<td><\/td>\n<\/tr>\n<\/tbody>\n<\/table>\n<p>[\/vc_column_text][vc_separator type=&#8221;normal&#8221; color=&#8221;#000000&#8243; transparency=&#8221;1&#8243; down=&#8221;15&#8243;][vc_column_text]<\/p>\n<h4>bookshop &#8211; november 2023<\/h4>\n<table>\n<tbody>\n<tr>\n<td>communiqu\u00e9 de presse<\/td>\n<td>pdf<\/td>\n<td><a href=\"https:\/\/cccod.fr\/wp-content\/uploads\/2024\/04\/CP-CCC-OD-LIBRAIRIE.pdf\">t\u00e9l\u00e9charger<\/a><\/td>\n<\/tr>\n<tr>\n<td><\/td>\n<td><\/td>\n<td><\/td>\n<\/tr>\n<\/tbody>\n<\/table>\n<p>[\/vc_column_text][vc_separator type=&#8221;normal&#8221; color=&#8221;#000000&#8243; transparency=&#8221;1&#8243; down=&#8221;15&#8243;][vc_column_text]<\/p>\n<h4>restaurant closed \u2013 May 2023<\/h4>\n<table>\n<tbody>\n<tr>\n<td>communiqu\u00e9 de presse<\/td>\n<td>pdf<\/td>\n<td><a href=\"https:\/\/cccod.fr\/wp-content\/uploads\/2023\/10\/CP-CCC-OD-FERMETURE-POTAGER-CONTEMPORAIN.pdf\">t\u00e9l\u00e9charger<\/a><\/td>\n<\/tr>\n<tr>\n<td><\/td>\n<td><\/td>\n<td><\/td>\n<\/tr>\n<\/tbody>\n<\/table>\n<p>[\/vc_column_text][vc_separator type=&#8221;normal&#8221; color=&#8221;#000000&#8243; transparency=&#8221;1&#8243; down=&#8221;15&#8243;][\/vc_tab][vc_tab title=&#8221;media kit&#8221; tab_id=&#8221;1671123353271-5-8&#8243;][vc_column_text]<\/p>\n<h4>logo<\/h4>\n<table style=\"height: 176px;\" width=\"266\">\n<tbody>\n<tr>\n<td>color logo<\/td>\n<td>png<\/td>\n<td><a href=\"https:\/\/cccod.fr\/wp-content\/uploads\/2023\/10\/Logo_cccod_03_partenaire_CMJN.png\">t\u00e9l\u00e9charger<\/a><\/td>\n<\/tr>\n<tr>\n<td>black-and-white logo<\/td>\n<td>png<\/td>\n<td><a href=\"https:\/\/cccod.fr\/wp-content\/uploads\/2023\/10\/Logo_cccod_04_partenaire_NB.png\">t\u00e9l\u00e9charger<\/a><\/td>\n<\/tr>\n<tr>\n<td><\/td>\n<td><\/td>\n<td><\/td>\n<\/tr>\n<tr>\n<td><\/td>\n<td><\/td>\n<td><\/td>\n<\/tr>\n<tr>\n<td><\/td>\n<td><\/td>\n<td><\/td>\n<\/tr>\n<\/tbody>\n<\/table>\n<p>[\/vc_column_text][vc_separator type=&#8221;normal&#8221; color=&#8221;#000000&#8243; transparency=&#8221;1&#8243; down=&#8221;15&#8243;][vc_column_text]<\/p>\n<h4>brand guidelines<\/h4>\n<table>\n<tbody>\n<tr>\n<td>logo usage guidelines<\/td>\n<td>pdf<\/td>\n<td><a href=\"https:\/\/cccod.fr\/wp-content\/uploads\/2023\/10\/CCC-Mode-demploi-logos-signaturepartenaire_0.91-1.pdf\" target=\"_blank\" rel=\"noopener\">t\u00e9l\u00e9charger<\/a><\/td>\n<\/tr>\n<tr>\n<td><\/td>\n<td><\/td>\n<td><\/td>\n<\/tr>\n<\/tbody>\n<\/table>\n<p>[\/vc_column_text][\/vc_tab][\/vc_tabs][\/vc_column][\/vc_row][vc_row css_animation=&#8221;&#8221; row_type=&#8221;row&#8221; use_row_as_full_screen_section=&#8221;no&#8221; type=&#8221;full_width&#8221; angled_section=&#8221;no&#8221; text_align=&#8221;left&#8221; background_image_as_pattern=&#8221;without_pattern&#8221;][vc_column][\/vc_column][\/vc_row]<\/p>\n","protected":false},"excerpt":{"rendered":"<p>[vc_row css_animation=&#8221;&#8221; row_type=&#8221;row&#8221; use_row_as_full_screen_section=&#8221;no&#8221; type=&#8221;full_width&#8221; angled_section=&#8221;no&#8221; text_align=&#8221;left&#8221; background_image_as_pattern=&#8221;without_pattern&#8221; css=&#8221;.vc_custom_1680188555686{padding-top: 10px !important;padding-right: 20px !important;padding-bottom: 6% !important;padding-left: 20px !important;}&#8221; z_index=&#8221;&#8221;][vc_column css=&#8221;.vc_custom_1680188562265{padding-right: 20px !important;padding-left: 20px !important;}&#8221;][vc_tabs style=&#8221;vertical_left&#8221; title=&#8221;press room&#8221;][vc_tab title=&#8221;the ccc od&#8221; tab_id=&#8221;4104293b-8368-7&#8243;][vc_column_text] the ccc od &nbsp; Right in the heart of the Loire ch\u00e2teaux region, the CCC&#8230;<\/p>\n","protected":false},"author":1,"featured_media":0,"parent":0,"menu_order":0,"comment_status":"closed","ping_status":"closed","template":"full_width.php","meta":{"_acf_changed":false,"footnotes":""},"class_list":["post-23838","page","type-page","status-publish","hentry"],"acf":[],"_links":{"self":[{"href":"https:\/\/cccod.fr\/en\/wp-json\/wp\/v2\/pages\/23838"}],"collection":[{"href":"https:\/\/cccod.fr\/en\/wp-json\/wp\/v2\/pages"}],"about":[{"href":"https:\/\/cccod.fr\/en\/wp-json\/wp\/v2\/types\/page"}],"author":[{"embeddable":true,"href":"https:\/\/cccod.fr\/en\/wp-json\/wp\/v2\/users\/1"}],"replies":[{"embeddable":true,"href":"https:\/\/cccod.fr\/en\/wp-json\/wp\/v2\/comments?post=23838"}],"version-history":[{"count":11,"href":"https:\/\/cccod.fr\/en\/wp-json\/wp\/v2\/pages\/23838\/revisions"}],"predecessor-version":[{"id":23859,"href":"https:\/\/cccod.fr\/en\/wp-json\/wp\/v2\/pages\/23838\/revisions\/23859"}],"wp:attachment":[{"href":"https:\/\/cccod.fr\/en\/wp-json\/wp\/v2\/media?parent=23838"}],"curies":[{"name":"wp","href":"https:\/\/api.w.org\/{rel}","templated":true}]}}